{"id":6,"date":"2021-08-02T09:49:21","date_gmt":"2021-08-02T09:49:21","guid":{"rendered":"https:\/\/dev.classic-yachten.de\/?page_id=6"},"modified":"2026-01-07T09:15:32","modified_gmt":"2026-01-07T09:15:32","slug":"startseite","status":"publish","type":"page","link":"https:\/\/classic-yachten.de\/","title":{"rendered":"Herzlich willkommen bei Classic-Yachten"},"content":{"rendered":"\n<p class=\"has-text-align-center standardtext has-medium-font-size\">Unsere Boote stehen f\u00fcr klassische, zeitlose Eleganz und&nbsp;&nbsp;das perfekte Zusammenspiel aus Moderne und Tradition.&nbsp;<\/p>\n\n\n\n<p class=\"has-text-align-center standardtext has-medium-font-size\">Schiffe mit Charakter, die ausgezeichnet segeln.<\/p>\n\n\n\n<div style=\"height:45px\" aria-hidden=\"true\" class=\"wp-block-spacer\"><\/div>\n\n\n\n<hr class=\"wp-block-separator has-css-opacity\"\/>\n\n\n\n<div class=\"wp-block-columns is-layout-flex wp-container-core-columns-is-layout-9d6595d7 wp-block-columns-is-layout-flex\">\n<div class=\"wp-block-column is-layout-flow wp-block-column-is-layout-flow\" style=\"flex-basis:100%\">\n<div class=\"wp-block-columns is-layout-flex wp-container-core-columns-is-layout-9d6595d7 wp-block-columns-is-layout-flex\">\n<div class=\"wp-block-column is-layout-flow wp-block-column-is-layout-flow\" style=\"flex-basis:85%\">\n<h2 class=\"wp-block-heading has-text-align-center\">Classic Yachten auf der boot D\u00fcsseldorf 2026<\/h2>\n\n\n\n<p class=\"has-text-align-center has-white-color has-text-color has-link-color wp-elements-30feac3c88fb387de71933de35641566\">Mit Hochdruck arbeiten wir an den Vorbereitungen zur boot D\u00fcsseldorf 2026 und freuen uns, Ihnen dort eine Auswahl unserer aktuellen Arbeiten pr\u00e4sentieren zu k\u00f6nnen \u2013 klassische Yachten, sorgf\u00e4ltige Refits und handwerkliche Details aus unserer Werft.<br>Einige der ausgestellten Projekte stehen auch zum Erwerb zur Verf\u00fcgung.<\/p>\n\n\n\n<p class=\"has-text-align-center has-white-color has-text-color has-link-color wp-elements-262659c25bd4b777f438a80d1a66f63b\">Besuchen Sie uns am Stand des Classic Forums in Halle 14 | B20\u2013H20 und kommen Sie mit uns ins Gespr\u00e4ch. Unsere Bootsbauer Jens und Nico Berg sowie Gesch\u00e4ftsf\u00fchrer Christian Schepers freuen sich auf Ihren Besuch.<\/p>\n\n\n\n<p class=\"has-text-align-center has-white-color has-text-color has-link-color wp-elements-be6709ce9b590c3f85d1dd5e67614c60\">F\u00fcr ein pers\u00f6nliches Gespr\u00e4ch empfehlen wir eine vorherige Terminvereinbarung: Gerne per E-mail an <strong><a href=\"mailto:kontakt@classic-yachten.de\">kontakt@classic-yachten.de<\/a><\/strong> oder per whatsapp unter <strong>0172 \/ 65 40 362<\/strong>.<\/p>\n\n\n\n<p class=\"has-text-align-center has-white-color has-text-color has-link-color wp-elements-010c1298147ecf51bfc8ec8d74c1a6b8\">Wir sehen uns in D\u00fcsseldorf!<\/p>\n<\/div>\n<\/div>\n<\/div>\n<\/div>\n\n\n\n<hr class=\"wp-block-separator has-alpha-channel-opacity\"\/>\n\n\n\n<div class=\"wp-block-media-text has-media-on-the-right is-stacked-on-mobile\" style=\"grid-template-columns:auto 40%\"><div class=\"wp-block-media-text__content\">\n<h2 class=\"wp-block-heading\">Neues Werftgel\u00e4nde in Nettetal-Leuth: Zukunft im klassischen Bootsbau<\/h2>\n\n\n\n<p class=\"has-white-color has-text-color has-link-color wp-elements-dcd877e211594a90c44ae8e94584caf5\">Mit dem erfahrenen Bootsbauer Jens Berg bringt ein weiterer Experte seine Fachkompetenz in den Betrieb ein und \u00fcbernimmt k\u00fcnftig die Verantwortung f\u00fcr das handwerkliche Tagesgesch\u00e4ft. Ab Sommer 2025 wird auch sein Sohn Nico das Team verst\u00e4rken und die Familientradition im Bootsbau fortf\u00fchren. Damit sind nicht nur Herz und Leidenschaft des Handwerks, sondern auch die langfristige Zukunft des Unternehmens gesichert. Die kaufm\u00e4nnische Leitung bleibt bei Christian Schepers. Auch der traditionsreiche Kaldenkirchener Bootsbaumeister\u00a0<strong>J\u00f6rn Niederl\u00e4nder<\/strong>\u00a0wird k\u00fcnftig vom neuen Werftgel\u00e4nde aus arbeiten. Die r\u00e4umliche N\u00e4he der beiden Betriebe er\u00f6ffnet neue M\u00f6glichkeiten f\u00fcr Bootseigner und Segler, die h\u00f6chste handwerkliche Pr\u00e4zision und Hingabe zu klassischen Booten, Dinghys, Jollen und Sch\u00e4renkreuzern sch\u00e4tzen.<\/p>\n\n\n\n<p class=\"has-white-color has-text-color has-link-color wp-elements-57958783b62af8fca4a7d1b125c94822\">Ab Januar 2025 d\u00fcrfen sich Bootsliebhaber in Nettetal auf eine neue \u00c4ra im klassischen Bootsbau freuen:&nbsp;<strong>Classic Yachten<\/strong>, bekannt f\u00fcr die Qualit\u00e4t und Innovation der RW-Boote, erweitert sein Angebot auf einem neuen Werftgel\u00e4nde in Nettetal-Leuth.&nbsp;<\/p>\n<\/div><figure class=\"wp-block-media-text__media\"><img loading=\"lazy\" decoding=\"async\" width=\"1024\" height=\"768\" src=\"https:\/\/classic-yachten.de\/wp-content\/uploads\/2025\/03\/Unknown.jpeg\" alt=\"\" class=\"wp-image-742 size-full\" srcset=\"https:\/\/classic-yachten.de\/wp-content\/uploads\/2025\/03\/Unknown.jpeg 1024w, https:\/\/classic-yachten.de\/wp-content\/uploads\/2025\/03\/Unknown-300x225.jpeg 300w, https:\/\/classic-yachten.de\/wp-content\/uploads\/2025\/03\/Unknown-768x576.jpeg 768w\" sizes=\"auto, (max-width: 1024px) 100vw, 1024px\" \/><\/figure><\/div>\n\n\n\n<hr class=\"wp-block-separator has-alpha-channel-opacity\"\/>\n\n\n\n<div class=\"wp-block-media-text is-stacked-on-mobile\"><figure class=\"wp-block-media-text__media\"><img loading=\"lazy\" decoding=\"async\" width=\"1024\" height=\"683\" src=\"https:\/\/classic-yachten.de\/wp-content\/uploads\/2021\/08\/Dsc_5626-1024x683.jpg\" alt=\"\" class=\"wp-image-272 size-full\" srcset=\"https:\/\/classic-yachten.de\/wp-content\/uploads\/2021\/08\/Dsc_5626-1024x683.jpg 1024w, https:\/\/classic-yachten.de\/wp-content\/uploads\/2021\/08\/Dsc_5626-300x200.jpg 300w, https:\/\/classic-yachten.de\/wp-content\/uploads\/2021\/08\/Dsc_5626-768x512.jpg 768w, https:\/\/classic-yachten.de\/wp-content\/uploads\/2021\/08\/Dsc_5626-90x60.jpg 90w, https:\/\/classic-yachten.de\/wp-content\/uploads\/2021\/08\/Dsc_5626.jpg 1200w\" sizes=\"auto, (max-width: 1024px) 100vw, 1024px\" \/><\/figure><div class=\"wp-block-media-text__content\">\n<h2 class=\"wp-block-heading\">Sicherer Hafen f\u00fcr Ihr Boot \u2013 auch im Winter<\/h2>\n\n\n\n<p class=\"has-white-color has-text-color has-link-color wp-elements-795de251df30fc100ccd4f02e2b9fee1\">Nutzen Sie unser gro\u00dfz\u00fcgiges Au\u00dfengel\u00e4nde oder die in kleiner Zahl verf\u00fcgbaren Hallenpl\u00e4tze f\u00fcr das sichere und gesch\u00fctzte Winterlager Ihres Bootes. W\u00e4hrend der Einlagerung f\u00fchren wir bei Bedarf Wartungsarbeiten durch, damit Ihr Boot bestens auf die n\u00e4chste Saison vorbereitet ist.<\/p>\n<\/div><\/div>\n\n\n\n<p><\/p>\n","protected":false},"excerpt":{"rendered":"<p>Unsere Boote stehen f\u00fcr klassische, zeitlose Eleganz und&nbsp;&nbsp;das perfekte Zusammenspiel aus Moderne und Tradition.&nbsp; Schiffe mit Charakter, die ausgezeichnet segeln. Classic Yachten auf der boot D\u00fcsseldorf 2026 Mit Hochdruck arbeiten wir an den Vorbereitungen zur boot D\u00fcsseldorf 2026 und freuen uns, Ihnen dort eine Auswahl unserer aktuellen Arbeiten pr\u00e4sentieren zu k\u00f6nnen \u2013 klassische Yachten, sorgf\u00e4ltige &hellip; <\/p>\n","protected":false},"author":1,"featured_media":0,"parent":0,"menu_order":10,"comment_status":"closed","ping_status":"closed","template":"","meta":{"footnotes":""},"class_list":["post-6","page","type-page","status-publish","hentry"],"_links":{"self":[{"href":"https:\/\/classic-yachten.de\/index.php\/wp-json\/wp\/v2\/pages\/6","targetHints":{"allow":["GET"]}}],"collection":[{"href":"https:\/\/classic-yachten.de\/index.php\/wp-json\/wp\/v2\/pages"}],"about":[{"href":"https:\/\/classic-yachten.de\/index.php\/wp-json\/wp\/v2\/types\/page"}],"author":[{"embeddable":true,"href":"https:\/\/classic-yachten.de\/index.php\/wp-json\/wp\/v2\/users\/1"}],"replies":[{"embeddable":true,"href":"https:\/\/classic-yachten.de\/index.php\/wp-json\/wp\/v2\/comments?post=6"}],"version-history":[{"count":82,"href":"https:\/\/classic-yachten.de\/index.php\/wp-json\/wp\/v2\/pages\/6\/revisions"}],"predecessor-version":[{"id":765,"href":"https:\/\/classic-yachten.de\/index.php\/wp-json\/wp\/v2\/pages\/6\/revisions\/765"}],"wp:attachment":[{"href":"https:\/\/classic-yachten.de\/index.php\/wp-json\/wp\/v2\/media?parent=6"}],"curies":[{"name":"wp","href":"https:\/\/api.w.org\/{rel}","templated":true}]}}