{"id":26,"date":"2021-08-02T10:10:50","date_gmt":"2021-08-02T10:10:50","guid":{"rendered":"https:\/\/dev.classic-yachten.de\/?page_id=26"},"modified":"2021-08-09T16:14:24","modified_gmt":"2021-08-09T16:14:24","slug":"rw-boote","status":"publish","type":"page","link":"https:\/\/classic-yachten.de\/index.php\/rw-boote\/","title":{"rendered":"RW-Boote"},"content":{"rendered":"\n<h2 class=\"wp-block-heading\">Die RW Yachten<\/h2>\n\n\n\n<div style=\"height:33px\" aria-hidden=\"true\" class=\"wp-block-spacer\"><\/div>\n\n\n\n<div class=\"wp-block-columns is-layout-flex wp-container-core-columns-is-layout-9d6595d7 wp-block-columns-is-layout-flex\">\n<div class=\"wp-block-column is-layout-flow wp-block-column-is-layout-flow\">\n<figure class=\"wp-block-image size-full boatlink\"><a href=\"https:\/\/classic-yachten.de\/index.php\/rw-boote\/rw-16\/\"><img loading=\"lazy\" decoding=\"async\" width=\"80\" height=\"90\" src=\"https:\/\/classic-yachten.de\/wp-content\/uploads\/2021\/08\/RW16.gif\" alt=\"RW16\" class=\"wp-image-134\" srcset=\"https:\/\/classic-yachten.de\/wp-content\/uploads\/2021\/08\/RW16.gif 80w, https:\/\/classic-yachten.de\/wp-content\/uploads\/2021\/08\/RW16-53x60.gif 53w\" sizes=\"auto, (max-width: 80px) 100vw, 80px\" \/><\/a><\/figure>\n<\/div>\n\n\n\n<div class=\"wp-block-column is-layout-flow wp-block-column-is-layout-flow\">\n<figure class=\"wp-block-image size-full boatlink\"><a href=\"https:\/\/classic-yachten.de\/index.php\/rw-boote\/rw-22\/\"><img loading=\"lazy\" decoding=\"async\" width=\"80\" height=\"90\" src=\"https:\/\/classic-yachten.de\/wp-content\/uploads\/2021\/08\/RW22.gif\" alt=\"RW22\" class=\"wp-image-135\" srcset=\"https:\/\/classic-yachten.de\/wp-content\/uploads\/2021\/08\/RW22.gif 80w, https:\/\/classic-yachten.de\/wp-content\/uploads\/2021\/08\/RW22-53x60.gif 53w\" sizes=\"auto, (max-width: 80px) 100vw, 80px\" \/><\/a><\/figure>\n<\/div>\n\n\n\n<div class=\"wp-block-column is-layout-flow wp-block-column-is-layout-flow\">\n<figure class=\"wp-block-image size-full boatlink\"><a href=\"https:\/\/classic-yachten.de\/index.php\/rw-boote\/rw-26\/\"><img loading=\"lazy\" decoding=\"async\" width=\"80\" height=\"90\" src=\"https:\/\/classic-yachten.de\/wp-content\/uploads\/2021\/08\/RW26.gif\" alt=\"RW26\" class=\"wp-image-136\" srcset=\"https:\/\/classic-yachten.de\/wp-content\/uploads\/2021\/08\/RW26.gif 80w, https:\/\/classic-yachten.de\/wp-content\/uploads\/2021\/08\/RW26-53x60.gif 53w\" sizes=\"auto, (max-width: 80px) 100vw, 80px\" \/><\/a><\/figure>\n<\/div>\n\n\n\n<div class=\"wp-block-column is-layout-flow wp-block-column-is-layout-flow\">\n<figure class=\"wp-block-image size-full boatlink\"><a href=\"https:\/\/classic-yachten.de\/index.php\/rw-boote\/rw-29s\/\"><img loading=\"lazy\" decoding=\"async\" width=\"80\" height=\"90\" src=\"https:\/\/classic-yachten.de\/wp-content\/uploads\/2021\/08\/RW29s.gif\" alt=\"RW29s\" class=\"wp-image-139\" srcset=\"https:\/\/classic-yachten.de\/wp-content\/uploads\/2021\/08\/RW29s.gif 80w, https:\/\/classic-yachten.de\/wp-content\/uploads\/2021\/08\/RW29s-53x60.gif 53w\" sizes=\"auto, (max-width: 80px) 100vw, 80px\" \/><\/a><\/figure>\n<\/div>\n\n\n\n<div class=\"wp-block-column is-layout-flow wp-block-column-is-layout-flow\">\n<figure class=\"wp-block-image size-full boatlink\"><a href=\"https:\/\/classic-yachten.de\/index.php\/rw-boote\/rw-32\/\"><img loading=\"lazy\" decoding=\"async\" width=\"80\" height=\"90\" src=\"https:\/\/classic-yachten.de\/wp-content\/uploads\/2021\/08\/RW32.gif\" alt=\"RW32\" class=\"wp-image-140\" srcset=\"https:\/\/classic-yachten.de\/wp-content\/uploads\/2021\/08\/RW32.gif 80w, https:\/\/classic-yachten.de\/wp-content\/uploads\/2021\/08\/RW32-53x60.gif 53w\" sizes=\"auto, (max-width: 80px) 100vw, 80px\" \/><\/a><\/figure>\n<\/div>\n\n\n\n<div class=\"wp-block-column is-layout-flow wp-block-column-is-layout-flow\">\n<figure class=\"wp-block-image size-full boatlink\"><a href=\"https:\/\/classic-yachten.de\/index.php\/rw-boote\/rw-99\/\"><img loading=\"lazy\" decoding=\"async\" width=\"80\" height=\"90\" src=\"https:\/\/classic-yachten.de\/wp-content\/uploads\/2021\/08\/RW99.gif\" alt=\"RW99\" class=\"wp-image-141\" srcset=\"https:\/\/classic-yachten.de\/wp-content\/uploads\/2021\/08\/RW99.gif 80w, https:\/\/classic-yachten.de\/wp-content\/uploads\/2021\/08\/RW99-53x60.gif 53w\" sizes=\"auto, (max-width: 80px) 100vw, 80px\" \/><\/a><\/figure>\n<\/div>\n<\/div>\n\n\n\n<p>Seit 1980 sind die RW Designs auf dem Markt und erfreuen ihre Eigner. Auf der Werft am Niederrhein entstanden Boote im klassischen Stile, das hei\u00dft: mit langen \u00dcberh\u00e4ngen und einer betont schlanken Rumpfform. Zum Beispiel die in der Szene sehr erfolgreiche Yacht RW 26, &#8222;ein Schiff mit Charakter, das gut aussieht und vortrefflich segelt&#8220;. <\/p>\n\n\n\n<div class=\"wp-block-image\"><figure class=\"aligncenter size-large\"><img loading=\"lazy\" decoding=\"async\" width=\"1024\" height=\"683\" src=\"https:\/\/classic-yachten.de\/wp-content\/uploads\/2021\/08\/RW-99-33-1024x683.jpg\" alt=\"Segeln in Herten\" class=\"wp-image-120\" srcset=\"https:\/\/classic-yachten.de\/wp-content\/uploads\/2021\/08\/RW-99-33-1024x683.jpg 1024w, https:\/\/classic-yachten.de\/wp-content\/uploads\/2021\/08\/RW-99-33-300x200.jpg 300w, https:\/\/classic-yachten.de\/wp-content\/uploads\/2021\/08\/RW-99-33-768x512.jpg 768w, https:\/\/classic-yachten.de\/wp-content\/uploads\/2021\/08\/RW-99-33-1536x1024.jpg 1536w, https:\/\/classic-yachten.de\/wp-content\/uploads\/2021\/08\/RW-99-33-2048x1365.jpg 2048w, https:\/\/classic-yachten.de\/wp-content\/uploads\/2021\/08\/RW-99-33-90x60.jpg 90w\" sizes=\"auto, (max-width: 1024px) 100vw, 1024px\" \/><\/figure><\/div>\n\n\n\n<p>Die Boote der RW-Reihe sind fast alles Einzelst\u00fccke, da sie individuell in Zusammenarbeit mit dem zuk\u00fcnftigen Eigner hergestellt wurden, mit gro\u00dfer Sorgfalt und Liebe und zu 95 % in Handarbeit.<\/p>\n\n\n\n<p>Durch die Verwendung moderner Materialien wie Edelstahl f\u00fcr die Kiele und Glasfaser verst\u00e4rktem Kunststoff f\u00fcr die R\u00fcmpfe,&nbsp; erhalten die Boote ihr bestechendes \u00c4u\u00dferes, ohne jedoch eines intensiven Pflegeaufwandes zu bed\u00fcrfen. Moderne Elektromotoren f\u00fcr An- und Ablegeman\u00f6ver oder als Flautenschieber geh\u00f6ren selbstverst\u00e4ndlich zum Zubeh\u00f6r Programm. Daher steht eine RW Yacht f\u00fcr zeitlose Eleganz und dem perfekten Zusammenspiel aus Moderne und Tradition. RW`s sind klassische Yachten \u00fcber und eine moderne Konstruktion unter Wasser. Mit der Liebe zum Detail von Beginn an.&nbsp;<\/p>\n\n\n\n<div class=\"wp-block-image\"><figure class=\"aligncenter size-large\"><img loading=\"lazy\" decoding=\"async\" width=\"1024\" height=\"768\" src=\"https:\/\/classic-yachten.de\/wp-content\/uploads\/2021\/08\/RW-99-16-34-1-1024x768.jpg\" alt=\"RW 9,9\" class=\"wp-image-183\" srcset=\"https:\/\/classic-yachten.de\/wp-content\/uploads\/2021\/08\/RW-99-16-34-1-1024x768.jpg 1024w, https:\/\/classic-yachten.de\/wp-content\/uploads\/2021\/08\/RW-99-16-34-1-300x225.jpg 300w, https:\/\/classic-yachten.de\/wp-content\/uploads\/2021\/08\/RW-99-16-34-1-768x576.jpg 768w, https:\/\/classic-yachten.de\/wp-content\/uploads\/2021\/08\/RW-99-16-34-1-1536x1152.jpg 1536w, https:\/\/classic-yachten.de\/wp-content\/uploads\/2021\/08\/RW-99-16-34-1-2048x1536.jpg 2048w, https:\/\/classic-yachten.de\/wp-content\/uploads\/2021\/08\/RW-99-16-34-1-80x60.jpg 80w\" sizes=\"auto, (max-width: 1024px) 100vw, 1024px\" \/><figcaption>RW 9,9<\/figcaption><\/figure><\/div>\n\n\n\n<figure class=\"wp-block-gallery columns-3 is-cropped wp-block-gallery-1 is-layout-flex wp-block-gallery-is-layout-flex\"><ul class=\"blocks-gallery-grid\"><li class=\"blocks-gallery-item\"><figure><img loading=\"lazy\" decoding=\"async\" width=\"685\" height=\"1024\" src=\"https:\/\/classic-yachten.de\/wp-content\/uploads\/2021\/08\/DSC_5674-685x1024.jpg\" alt=\"\" data-id=\"262\" data-full-url=\"https:\/\/classic-yachten.de\/wp-content\/uploads\/2021\/08\/DSC_5674-scaled.jpg\" data-link=\"https:\/\/classic-yachten.de\/dsc_5674\/\" class=\"wp-image-262\" srcset=\"https:\/\/classic-yachten.de\/wp-content\/uploads\/2021\/08\/DSC_5674-685x1024.jpg 685w, https:\/\/classic-yachten.de\/wp-content\/uploads\/2021\/08\/DSC_5674-201x300.jpg 201w, https:\/\/classic-yachten.de\/wp-content\/uploads\/2021\/08\/DSC_5674-768x1147.jpg 768w, https:\/\/classic-yachten.de\/wp-content\/uploads\/2021\/08\/DSC_5674-1028x1536.jpg 1028w, https:\/\/classic-yachten.de\/wp-content\/uploads\/2021\/08\/DSC_5674-1371x2048.jpg 1371w, https:\/\/classic-yachten.de\/wp-content\/uploads\/2021\/08\/DSC_5674-40x60.jpg 40w, https:\/\/classic-yachten.de\/wp-content\/uploads\/2021\/08\/DSC_5674-scaled.jpg 1714w\" sizes=\"auto, (max-width: 685px) 100vw, 685px\" \/><\/figure><\/li><li class=\"blocks-gallery-item\"><figure><img loading=\"lazy\" decoding=\"async\" width=\"685\" height=\"1024\" src=\"https:\/\/classic-yachten.de\/wp-content\/uploads\/2021\/08\/DSC_7878-685x1024.jpg\" alt=\"\" data-id=\"127\" data-link=\"https:\/\/classic-yachten.de\/index.php\/rw-boote\/dsc_7878\/\" class=\"wp-image-127\" srcset=\"https:\/\/classic-yachten.de\/wp-content\/uploads\/2021\/08\/DSC_7878-685x1024.jpg 685w, https:\/\/classic-yachten.de\/wp-content\/uploads\/2021\/08\/DSC_7878-201x300.jpg 201w, https:\/\/classic-yachten.de\/wp-content\/uploads\/2021\/08\/DSC_7878-768x1147.jpg 768w, https:\/\/classic-yachten.de\/wp-content\/uploads\/2021\/08\/DSC_7878-1028x1536.jpg 1028w, https:\/\/classic-yachten.de\/wp-content\/uploads\/2021\/08\/DSC_7878-1371x2048.jpg 1371w, https:\/\/classic-yachten.de\/wp-content\/uploads\/2021\/08\/DSC_7878-40x60.jpg 40w, https:\/\/classic-yachten.de\/wp-content\/uploads\/2021\/08\/DSC_7878-scaled.jpg 1714w\" sizes=\"auto, (max-width: 685px) 100vw, 685px\" \/><\/figure><\/li><li class=\"blocks-gallery-item\"><figure><img loading=\"lazy\" decoding=\"async\" width=\"682\" height=\"1024\" src=\"https:\/\/classic-yachten.de\/wp-content\/uploads\/2021\/08\/DSC2987-682x1024.jpg\" alt=\"\" data-id=\"252\" data-full-url=\"https:\/\/classic-yachten.de\/wp-content\/uploads\/2021\/08\/DSC2987-scaled.jpg\" data-link=\"https:\/\/classic-yachten.de\/_dsc2987\/\" class=\"wp-image-252\" srcset=\"https:\/\/classic-yachten.de\/wp-content\/uploads\/2021\/08\/DSC2987-682x1024.jpg 682w, https:\/\/classic-yachten.de\/wp-content\/uploads\/2021\/08\/DSC2987-200x300.jpg 200w, https:\/\/classic-yachten.de\/wp-content\/uploads\/2021\/08\/DSC2987-768x1153.jpg 768w, https:\/\/classic-yachten.de\/wp-content\/uploads\/2021\/08\/DSC2987-1023x1536.jpg 1023w, https:\/\/classic-yachten.de\/wp-content\/uploads\/2021\/08\/DSC2987-1365x2048.jpg 1365w, https:\/\/classic-yachten.de\/wp-content\/uploads\/2021\/08\/DSC2987-40x60.jpg 40w, https:\/\/classic-yachten.de\/wp-content\/uploads\/2021\/08\/DSC2987-scaled.jpg 1706w\" sizes=\"auto, (max-width: 682px) 100vw, 682px\" \/><\/figure><\/li><\/ul><\/figure>\n\n\n\n<p>Ob mit oder ohne Kaj\u00fcte, durchgehendem oder geteiltem Cockpit, Teak oder L\u00e4rche-Mahagoni an Deck &#8211; die RW Boote bieten eine F\u00fclle von M\u00f6glichkeiten, den individuellen W\u00fcnschen und Bed\u00fcrfnissen ihrer Eigner Gestalt zu geben. Auf den n\u00e4chsten Seiten m\u00f6chten wir Ihnen eine \u00dcbersicht \u00fcber die einzelnen Typen geben.<\/p>\n","protected":false},"excerpt":{"rendered":"<p>Die RW Yachten Seit 1980 sind die RW Designs auf dem Markt und erfreuen ihre Eigner. Auf der Werft am Niederrhein entstanden Boote im klassischen Stile, das hei\u00dft: mit langen \u00dcberh\u00e4ngen und einer betont schlanken Rumpfform. Zum Beispiel die in der Szene sehr erfolgreiche Yacht RW 26, &#8222;ein Schiff mit Charakter, das gut aussieht und &hellip; <\/p>\n","protected":false},"author":1,"featured_media":275,"parent":0,"menu_order":30,"comment_status":"closed","ping_status":"closed","template":"","meta":{"footnotes":""},"class_list":["post-26","page","type-page","status-publish","has-post-thumbnail","hentry"],"_links":{"self":[{"href":"https:\/\/classic-yachten.de\/index.php\/wp-json\/wp\/v2\/pages\/26","targetHints":{"allow":["GET"]}}],"collection":[{"href":"https:\/\/classic-yachten.de\/index.php\/wp-json\/wp\/v2\/pages"}],"about":[{"href":"https:\/\/classic-yachten.de\/index.php\/wp-json\/wp\/v2\/types\/page"}],"author":[{"embeddable":true,"href":"https:\/\/classic-yachten.de\/index.php\/wp-json\/wp\/v2\/users\/1"}],"replies":[{"embeddable":true,"href":"https:\/\/classic-yachten.de\/index.php\/wp-json\/wp\/v2\/comments?post=26"}],"version-history":[{"count":26,"href":"https:\/\/classic-yachten.de\/index.php\/wp-json\/wp\/v2\/pages\/26\/revisions"}],"predecessor-version":[{"id":464,"href":"https:\/\/classic-yachten.de\/index.php\/wp-json\/wp\/v2\/pages\/26\/revisions\/464"}],"wp:featuredmedia":[{"embeddable":true,"href":"https:\/\/classic-yachten.de\/index.php\/wp-json\/wp\/v2\/media\/275"}],"wp:attachment":[{"href":"https:\/\/classic-yachten.de\/index.php\/wp-json\/wp\/v2\/media?parent=26"}],"curies":[{"name":"wp","href":"https:\/\/api.w.org\/{rel}","templated":true}]}}