{"id":169,"date":"2021-08-04T08:22:42","date_gmt":"2021-08-04T08:22:42","guid":{"rendered":"https:\/\/dev.classic-yachten.de\/?page_id=169"},"modified":"2021-08-09T08:13:07","modified_gmt":"2021-08-09T08:13:07","slug":"rw-26","status":"publish","type":"page","link":"https:\/\/classic-yachten.de\/index.php\/rw-boote\/rw-26\/","title":{"rendered":"RW 26"},"content":{"rendered":"\n<p><strong>Technische Daten der RW26:<\/strong><\/p>\n\n\n\n<div class=\"wp-block-columns is-layout-flex wp-container-core-columns-is-layout-9d6595d7 wp-block-columns-is-layout-flex\">\n<div class=\"wp-block-column is-layout-flow wp-block-column-is-layout-flow\">\n<div class=\"wp-block-columns is-layout-flex wp-container-core-columns-is-layout-9d6595d7 wp-block-columns-is-layout-flex\">\n<div class=\"wp-block-column is-layout-flow wp-block-column-is-layout-flow\">\n<p>L\u00e4nge \u00fcber alles<br>Breite \u00fcber alles<br>Tiefgang Standard<br>L\u00e4nge in der KWL<br>Leergewicht ca.<br>Holzrigg<br>Gro\u00dfsegel<br>Fock (Genua I)<\/p>\n<\/div>\n\n\n\n<div class=\"wp-block-column is-layout-flow wp-block-column-is-layout-flow\">\n<p class=\"has-text-align-left\">8,02 m<br>1,71 m<br>1,25 m<br>5,70 m<br>800 kg<br>7 \/ 8 Takelung<br>14,80 m\u00b2<br>8,40 m<\/p>\n\n\n\n<p><\/p>\n<\/div>\n<\/div>\n<\/div>\n\n\n\n<div class=\"wp-block-column is-layout-flow wp-block-column-is-layout-flow\">\n<figure class=\"wp-block-image size-full\"><img loading=\"lazy\" decoding=\"async\" width=\"300\" height=\"150\" src=\"https:\/\/classic-yachten.de\/wp-content\/uploads\/2021\/08\/RW26.jpg\" alt=\"\" class=\"wp-image-386\" srcset=\"https:\/\/classic-yachten.de\/wp-content\/uploads\/2021\/08\/RW26.jpg 300w, https:\/\/classic-yachten.de\/wp-content\/uploads\/2021\/08\/RW26-120x60.jpg 120w\" sizes=\"auto, (max-width: 300px) 100vw, 300px\" \/><\/figure>\n<\/div>\n<\/div>\n\n\n\n<p>Aktuelle Yardstickzahl ist mit 7\/8 Rigg 107 und mit Bodensee Rigg 106.<\/p>\n\n\n\n<hr class=\"wp-block-separator\"\/>\n\n\n\n<p><strong>Beschreibung:<\/strong><\/p>\n\n\n\n<p>Ein Kielschiff, dessen bestechend elegante Linie jeden Liebhaber begeistert.<br><br>Hier wurde die Sch\u00f6nheit des Mahagoni-Innenausbaus kombiniert mit dem modernen Pflegekomfort eines GFK-Rumpfes, der selbstverst\u00e4ndlich im Handauflegeverfahren hergestellt wird. In den seitlichen Schwalbennestern ist gen\u00fcgend Stauraum vorhanden<br><br>Die schlanke Form l\u00e4sst die RW 26 weich in die Welle laufen. Durch einen hervorragenden Geradeauslauf kann man auch getrost einmal den Platz am Ruder verlassen. Der hohe Ballastanteil von \u00fcber 50%&nbsp; macht den munteren Kielkreuzer kentersicher.<\/p>\n\n\n\n<hr class=\"wp-block-separator\"\/>\n\n\n\n<p><strong>RW26 offene Kielyacht<\/strong><\/p>\n\n\n\n<p><img loading=\"lazy\" decoding=\"async\" width=\"10\" height=\"10\" src=\"http:\/\/www.classic-yachten.de\/media\/bilder\/kreuz.gif\" alt=\"\">&nbsp;GFK- Rumpfschale im Handauflegeverfahren hergestellt, Rumpffarbe blau,<\/p>\n\n\n\n<p><img loading=\"lazy\" decoding=\"async\" width=\"10\" height=\"10\" src=\"http:\/\/www.classic-yachten.de\/media\/bilder\/kreuz.gif\" alt=\"\">&nbsp;Unterwasserschiff&nbsp; grundiert f\u00fcr Antifoulinganstrich,<\/p>\n\n\n\n<p><img loading=\"lazy\" decoding=\"async\" width=\"10\" height=\"10\" src=\"http:\/\/www.classic-yachten.de\/media\/bilder\/kreuz.gif\" alt=\"\">&nbsp;Kielflosse Nirosta mit Bleif\u00fcllung,<\/p>\n\n\n\n<p><img loading=\"lazy\" decoding=\"async\" width=\"10\" height=\"10\" src=\"http:\/\/www.classic-yachten.de\/media\/bilder\/kreuz.gif\" alt=\"\">&nbsp;vorbalanciertes Spatenruder,<\/p>\n\n\n\n<p><img loading=\"lazy\" decoding=\"async\" width=\"10\" height=\"10\" src=\"http:\/\/www.classic-yachten.de\/media\/bilder\/kreuz.gif\" alt=\"\">&nbsp;Sperrholzdeck auf Decksbalken wahlweise in Mahagoni lackiert oder Teak ge\u00f6lt,<\/p>\n\n\n\n<p><img loading=\"lazy\" decoding=\"async\" width=\"10\" height=\"10\" src=\"http:\/\/www.classic-yachten.de\/media\/bilder\/kreuz.gif\" alt=\"\">&nbsp;Scheuerleiste und Fu\u00dfreling in Mahagoni lackiert oder Teak ge\u00f6lt,<\/p>\n\n\n\n<p><img loading=\"lazy\" decoding=\"async\" width=\"10\" height=\"10\" src=\"http:\/\/www.classic-yachten.de\/media\/bilder\/kreuz.gif\" alt=\"\">&nbsp;Cockpitboden Teak ge\u00f6lt,<\/p>\n\n\n\n<p><img loading=\"lazy\" decoding=\"async\" width=\"10\" height=\"10\" src=\"http:\/\/www.classic-yachten.de\/media\/bilder\/kreuz.gif\" alt=\"\">&nbsp;Beidseitig durchgehende Schwalbennester im Cockpit,<\/p>\n\n\n\n<p><img loading=\"lazy\" decoding=\"async\" width=\"10\" height=\"10\" src=\"http:\/\/www.classic-yachten.de\/media\/bilder\/kreuz.gif\" alt=\"\">&nbsp;Wegerung an den sichtbaren Rumpfinnenschalen im Cockpit,<\/p>\n\n\n\n<p><img loading=\"lazy\" decoding=\"async\" width=\"10\" height=\"10\" src=\"http:\/\/www.classic-yachten.de\/media\/bilder\/kreuz.gif\" alt=\"\">&nbsp;Cockpits\u00fcll sowie div. senkrechteAufbauten und Schotten Mahagoni klar lackiert,<\/p>\n\n\n\n<p><img loading=\"lazy\" decoding=\"async\" width=\"10\" height=\"10\" src=\"http:\/\/www.classic-yachten.de\/media\/bilder\/kreuz.gif\" alt=\"\">&nbsp;Cockpit durchgehendend oder geteilt,<\/p>\n\n\n\n<p><img loading=\"lazy\" decoding=\"async\" width=\"10\" height=\"10\" src=\"http:\/\/www.classic-yachten.de\/media\/bilder\/kreuz.gif\" alt=\"\">&nbsp;2 Schotwinschen oder Knarrbl\u00f6cke,<\/p>\n\n\n\n<p><img loading=\"lazy\" decoding=\"async\" width=\"10\" height=\"10\" src=\"http:\/\/www.classic-yachten.de\/media\/bilder\/kreuz.gif\" alt=\"\">&nbsp;je 2 Lippkl\u00fcsen am Bug und achtern,<\/p>\n\n\n\n<p><img loading=\"lazy\" decoding=\"async\" width=\"10\" height=\"10\" src=\"http:\/\/www.classic-yachten.de\/media\/bilder\/kreuz.gif\" alt=\"\">&nbsp;3 Belegklampen,<\/p>\n\n\n\n<p><img loading=\"lazy\" decoding=\"async\" width=\"10\" height=\"10\" src=\"http:\/\/www.classic-yachten.de\/media\/bilder\/kreuz.gif\" alt=\"\">&nbsp;Fu\u00dfblock oder Traveller f\u00fcr Gro\u00dfschot,<\/p>\n\n\n\n<p><img loading=\"lazy\" decoding=\"async\" width=\"10\" height=\"10\" src=\"http:\/\/www.classic-yachten.de\/media\/bilder\/kreuz.gif\" alt=\"\">&nbsp;Genuaschienen mit Rutschern<\/p>\n\n\n\n<p><img loading=\"lazy\" decoding=\"async\" width=\"10\" height=\"10\" src=\"http:\/\/www.classic-yachten.de\/media\/bilder\/kreuz.gif\" alt=\"\">&nbsp;Rollfock.<\/p>\n\n\n\n<p><img loading=\"lazy\" decoding=\"async\" width=\"10\" height=\"10\" src=\"http:\/\/www.classic-yachten.de\/media\/bilder\/kreuz.gif\" alt=\"\">&nbsp;Verschiedene Motorisierungen sind m\u00f6glich.<\/p>\n\n\n\n<hr class=\"wp-block-separator\"\/>\n\n\n\n<div class=\"wp-block-columns is-layout-flex wp-container-core-columns-is-layout-9d6595d7 wp-block-columns-is-layout-flex\">\n<div class=\"wp-block-column is-layout-flow wp-block-column-is-layout-flow\">\n<div class=\"wp-block-image\"><figure class=\"aligncenter size-full\"><img loading=\"lazy\" decoding=\"async\" width=\"350\" height=\"450\" src=\"https:\/\/classic-yachten.de\/wp-content\/uploads\/2021\/08\/RW26-am-Wind.jpg\" alt=\"RW 26 am Wind\" class=\"wp-image-389\" srcset=\"https:\/\/classic-yachten.de\/wp-content\/uploads\/2021\/08\/RW26-am-Wind.jpg 350w, https:\/\/classic-yachten.de\/wp-content\/uploads\/2021\/08\/RW26-am-Wind-233x300.jpg 233w, https:\/\/classic-yachten.de\/wp-content\/uploads\/2021\/08\/RW26-am-Wind-47x60.jpg 47w\" sizes=\"auto, (max-width: 350px) 100vw, 350px\" \/><figcaption>Die RW26 hebt sich nicht nur durch ihr gef\u00e4lliges Erscheinungsbild von dem heutigen Bootseinerlei ab, sondern kann auch seglerisch \u00fcberzeugen&#8230;<\/figcaption><\/figure><\/div>\n<\/div>\n\n\n\n<div class=\"wp-block-column is-layout-flow wp-block-column-is-layout-flow\">\n<div class=\"wp-block-image\"><figure class=\"aligncenter size-full\"><img loading=\"lazy\" decoding=\"async\" width=\"350\" height=\"250\" src=\"https:\/\/classic-yachten.de\/wp-content\/uploads\/2021\/08\/RW26-auf-der-Elbe.jpg\" alt=\"RW 26 auf der Elbe\" class=\"wp-image-390\" srcset=\"https:\/\/classic-yachten.de\/wp-content\/uploads\/2021\/08\/RW26-auf-der-Elbe.jpg 350w, https:\/\/classic-yachten.de\/wp-content\/uploads\/2021\/08\/RW26-auf-der-Elbe-300x214.jpg 300w, https:\/\/classic-yachten.de\/wp-content\/uploads\/2021\/08\/RW26-auf-der-Elbe-84x60.jpg 84w\" sizes=\"auto, (max-width: 350px) 100vw, 350px\" \/><figcaption>Der Inbegriff von Segelboot, lang, schmal und schnell. Bei jeder Regatta war ich in den ersten drei Pl\u00e4tzen.<\/figcaption><\/figure><\/div>\n\n\n\n<div class=\"wp-block-image\"><figure class=\"aligncenter size-full\"><img loading=\"lazy\" decoding=\"async\" width=\"350\" height=\"250\" src=\"https:\/\/classic-yachten.de\/wp-content\/uploads\/2021\/08\/RW26-cockpit-mit-Sprizhaube.jpg\" alt=\"RW 26 Cockpit\" class=\"wp-image-391\" srcset=\"https:\/\/classic-yachten.de\/wp-content\/uploads\/2021\/08\/RW26-cockpit-mit-Sprizhaube.jpg 350w, https:\/\/classic-yachten.de\/wp-content\/uploads\/2021\/08\/RW26-cockpit-mit-Sprizhaube-300x214.jpg 300w, https:\/\/classic-yachten.de\/wp-content\/uploads\/2021\/08\/RW26-cockpit-mit-Sprizhaube-84x60.jpg 84w\" sizes=\"auto, (max-width: 350px) 100vw, 350px\" \/><figcaption>\u2026bei besten Segeleigenschaften, wendig und schnell wie alle unseren Konstruktionen, \u00fcber Wasser eine zeitlos klassische Yacht, unter Wasser modern. Einhand spielerisch handhabbar. Durch das geringe Gewicht auch leicht trailerbar.<\/figcaption><\/figure><\/div>\n<\/div>\n<\/div>\n\n\n\n<p><\/p>\n","protected":false},"excerpt":{"rendered":"<p>Technische Daten der RW26: L\u00e4nge \u00fcber allesBreite \u00fcber allesTiefgang StandardL\u00e4nge in der KWLLeergewicht ca.HolzriggGro\u00dfsegelFock (Genua I) 8,02 m1,71 m1,25 m5,70 m800 kg7 \/ 8 Takelung14,80 m\u00b28,40 m Aktuelle Yardstickzahl ist mit 7\/8 Rigg 107 und mit Bodensee Rigg 106. Beschreibung: Ein Kielschiff, dessen bestechend elegante Linie jeden Liebhaber begeistert. Hier wurde die Sch\u00f6nheit des Mahagoni-Innenausbaus &hellip; <\/p>\n","protected":false},"author":1,"featured_media":275,"parent":26,"menu_order":33,"comment_status":"closed","ping_status":"closed","template":"","meta":{"footnotes":""},"class_list":["post-169","page","type-page","status-publish","has-post-thumbnail","hentry"],"_links":{"self":[{"href":"https:\/\/classic-yachten.de\/index.php\/wp-json\/wp\/v2\/pages\/169","targetHints":{"allow":["GET"]}}],"collection":[{"href":"https:\/\/classic-yachten.de\/index.php\/wp-json\/wp\/v2\/pages"}],"about":[{"href":"https:\/\/classic-yachten.de\/index.php\/wp-json\/wp\/v2\/types\/page"}],"author":[{"embeddable":true,"href":"https:\/\/classic-yachten.de\/index.php\/wp-json\/wp\/v2\/users\/1"}],"replies":[{"embeddable":true,"href":"https:\/\/classic-yachten.de\/index.php\/wp-json\/wp\/v2\/comments?post=169"}],"version-history":[{"count":7,"href":"https:\/\/classic-yachten.de\/index.php\/wp-json\/wp\/v2\/pages\/169\/revisions"}],"predecessor-version":[{"id":401,"href":"https:\/\/classic-yachten.de\/index.php\/wp-json\/wp\/v2\/pages\/169\/revisions\/401"}],"up":[{"embeddable":true,"href":"https:\/\/classic-yachten.de\/index.php\/wp-json\/wp\/v2\/pages\/26"}],"wp:featuredmedia":[{"embeddable":true,"href":"https:\/\/classic-yachten.de\/index.php\/wp-json\/wp\/v2\/media\/275"}],"wp:attachment":[{"href":"https:\/\/classic-yachten.de\/index.php\/wp-json\/wp\/v2\/media?parent=169"}],"curies":[{"name":"wp","href":"https:\/\/api.w.org\/{rel}","templated":true}]}}