{"id":166,"date":"2021-08-04T08:22:13","date_gmt":"2021-08-04T08:22:13","guid":{"rendered":"https:\/\/dev.classic-yachten.de\/?page_id=166"},"modified":"2021-08-09T08:12:54","modified_gmt":"2021-08-09T08:12:54","slug":"rw-22","status":"publish","type":"page","link":"https:\/\/classic-yachten.de\/index.php\/rw-boote\/rw-22\/","title":{"rendered":"RW 22"},"content":{"rendered":"\n<p><strong>Technische Daten der RW22:<\/strong><\/p>\n\n\n\n<div class=\"wp-block-columns is-layout-flex wp-container-core-columns-is-layout-9d6595d7 wp-block-columns-is-layout-flex\">\n<div class=\"wp-block-column is-layout-flow wp-block-column-is-layout-flow\">\n<div class=\"wp-block-columns is-layout-flex wp-container-core-columns-is-layout-9d6595d7 wp-block-columns-is-layout-flex\">\n<div class=\"wp-block-column is-layout-flow wp-block-column-is-layout-flow\">\n<p>L\u00e4nge \u00fcber alles<br>Breite \u00fcber alles<br>Tiefgang Standard<br>L\u00e4nge in der KWL<br>Leergewicht ca.<br>Holzrigg<br>Gro\u00dfsegel<br>Fock (Genua 1)<\/p>\n<\/div>\n\n\n\n<div class=\"wp-block-column is-layout-flow wp-block-column-is-layout-flow\">\n<p>6,55 m<br>1,53 m<br>0,80 m<br>4,30 m<br>425 kg<br>7 \/ 8 Takelung<br>11,56 m\u00b2<br>7,40 m\u00b2<\/p>\n<\/div>\n<\/div>\n<\/div>\n\n\n\n<div class=\"wp-block-column is-layout-flow wp-block-column-is-layout-flow\">\n<figure class=\"wp-block-image size-full\"><img loading=\"lazy\" decoding=\"async\" width=\"300\" height=\"150\" src=\"https:\/\/classic-yachten.de\/wp-content\/uploads\/2021\/08\/RW22.jpg\" alt=\"RW 22 Segel\" class=\"wp-image-369\" srcset=\"https:\/\/classic-yachten.de\/wp-content\/uploads\/2021\/08\/RW22.jpg 300w, https:\/\/classic-yachten.de\/wp-content\/uploads\/2021\/08\/RW22-120x60.jpg 120w\" sizes=\"auto, (max-width: 300px) 100vw, 300px\" \/><\/figure>\n<\/div>\n<\/div>\n\n\n\n<hr class=\"wp-block-separator\"\/>\n\n\n\n<p><strong>Beschreibung:<\/strong><\/p>\n\n\n\n<p>\u201eOffener Charakter\u201c\u2026<\/p>\n\n\n\n<p>\u2026schrieb die \u201eYacht\u201c und auch: \u201edie RW22 ist \u00fcber Wasser ein Oldtimer und unter Wasser eine moderne Konstruktion. Das Ergebnis: Ein Schiff mit Charakter, das gut aussieht und vortrefflich segelt\u201c- dem ist nichts hinzuzuf\u00fcgen.<\/p>\n\n\n\n<hr class=\"wp-block-separator\"\/>\n\n\n\n<p><strong>RW22 offenes Kielboot<\/strong><\/p>\n\n\n\n<p><img loading=\"lazy\" decoding=\"async\" height=\"10\" width=\"10\" src=\"http:\/\/www.classic-yachten.de\/media\/bilder\/kreuz.gif\" alt=\"\">&nbsp;GFK- Rumpfschale im Handauflegeverfahren hergestellt, Rumpffarbe blau,<\/p>\n\n\n\n<p><img loading=\"lazy\" decoding=\"async\" height=\"10\" width=\"10\" src=\"http:\/\/www.classic-yachten.de\/media\/bilder\/kreuz.gif\" alt=\"\">&nbsp;Unterwasserschiff&nbsp; grundiert f\u00fcr Antifoulinganstrich,<\/p>\n\n\n\n<p><img loading=\"lazy\" decoding=\"async\" height=\"10\" width=\"10\" src=\"http:\/\/www.classic-yachten.de\/media\/bilder\/kreuz.gif\" alt=\"\">&nbsp;Kielflosse Nirosta mit Bleif\u00fcllung,<\/p>\n\n\n\n<p><img loading=\"lazy\" decoding=\"async\" height=\"10\" width=\"10\" src=\"http:\/\/www.classic-yachten.de\/media\/bilder\/kreuz.gif\" alt=\"\">&nbsp;vorbalanciertes Spatenruder,<\/p>\n\n\n\n<p><img loading=\"lazy\" decoding=\"async\" height=\"10\" width=\"10\" src=\"http:\/\/www.classic-yachten.de\/media\/bilder\/kreuz.gif\" alt=\"\">&nbsp;Sperrholzdeck auf Decksbalken wahlweise in Mahagoni lackiert oder Teak ge\u00f6lt,<\/p>\n\n\n\n<p><img loading=\"lazy\" decoding=\"async\" height=\"10\" width=\"10\" src=\"http:\/\/www.classic-yachten.de\/media\/bilder\/kreuz.gif\" alt=\"\">&nbsp;Scheuerleiste und Fu\u00dfreling in Mahagoni lackiert oder Teak ge\u00f6lt,<\/p>\n\n\n\n<p><img loading=\"lazy\" decoding=\"async\" height=\"10\" width=\"10\" src=\"http:\/\/www.classic-yachten.de\/media\/bilder\/kreuz.gif\" alt=\"\">&nbsp;Cockpitboden Teak ge\u00f6lt,<\/p>\n\n\n\n<p><img loading=\"lazy\" decoding=\"async\" height=\"10\" width=\"10\" src=\"http:\/\/www.classic-yachten.de\/media\/bilder\/kreuz.gif\" alt=\"\">&nbsp;Beidseitig durchgehende Schwalbennester im Cockpit,<\/p>\n\n\n\n<p><img loading=\"lazy\" decoding=\"async\" height=\"10\" width=\"10\" src=\"http:\/\/www.classic-yachten.de\/media\/bilder\/kreuz.gif\" alt=\"\">&nbsp;Wegerung an den sichtbaren Rumpfinnenschalen im Cockpit,<\/p>\n\n\n\n<p><img loading=\"lazy\" decoding=\"async\" height=\"10\" width=\"10\" src=\"http:\/\/www.classic-yachten.de\/media\/bilder\/kreuz.gif\" alt=\"\">&nbsp;Cockpits\u00fcll sowie div. senkrechteAufbauten und Schotten Mahagoni klar lackiert,<\/p>\n\n\n\n<p><img loading=\"lazy\" decoding=\"async\" height=\"10\" width=\"10\" src=\"http:\/\/www.classic-yachten.de\/media\/bilder\/kreuz.gif\" alt=\"\">&nbsp;Cockpit durchgehendend oder geteilt,<\/p>\n\n\n\n<p><img loading=\"lazy\" decoding=\"async\" height=\"10\" width=\"10\" src=\"http:\/\/www.classic-yachten.de\/media\/bilder\/kreuz.gif\" alt=\"\">&nbsp;2 Schotwinschen oder Knarrbl\u00f6cke,<\/p>\n\n\n\n<p><img loading=\"lazy\" decoding=\"async\" height=\"10\" width=\"10\" src=\"http:\/\/www.classic-yachten.de\/media\/bilder\/kreuz.gif\" alt=\"\">&nbsp;je 2 Lippkl\u00fcsen am Bug und achtern,<\/p>\n\n\n\n<p><img loading=\"lazy\" decoding=\"async\" height=\"10\" width=\"10\" src=\"http:\/\/www.classic-yachten.de\/media\/bilder\/kreuz.gif\" alt=\"\">&nbsp;2 Festmacherklampen,<\/p>\n\n\n\n<p><img loading=\"lazy\" decoding=\"async\" height=\"10\" width=\"10\" src=\"http:\/\/www.classic-yachten.de\/media\/bilder\/kreuz.gif\" alt=\"\">&nbsp;Fu\u00dfblock oder Traveller f\u00fcr Gro\u00dfschot,<\/p>\n\n\n\n<p><img loading=\"lazy\" decoding=\"async\" height=\"10\" width=\"10\" src=\"http:\/\/www.classic-yachten.de\/media\/bilder\/kreuz.gif\" alt=\"\">&nbsp;Genuaschienen,&nbsp; Rutscher\/Umlenkrollen.<\/p>\n\n\n\n<p><img loading=\"lazy\" decoding=\"async\" height=\"10\" width=\"10\" src=\"http:\/\/www.classic-yachten.de\/media\/bilder\/kreuz.gif\" alt=\"\">&nbsp;Verschiedene Motorisierungen sind m\u00f6glich.<\/p>\n\n\n\n<hr class=\"wp-block-separator\"\/>\n\n\n\n<div class=\"wp-block-columns are-vertically-aligned-top is-layout-flex wp-container-core-columns-is-layout-9d6595d7 wp-block-columns-is-layout-flex\">\n<div class=\"wp-block-column is-vertically-aligned-top is-layout-flow wp-block-column-is-layout-flow\">\n<figure class=\"wp-block-image size-full\"><img loading=\"lazy\" decoding=\"async\" width=\"350\" height=\"450\" src=\"https:\/\/classic-yachten.de\/wp-content\/uploads\/2021\/08\/RW22-am-Wind.jpg\" alt=\"RW 22 auf dem Wasser\" class=\"wp-image-373\" srcset=\"https:\/\/classic-yachten.de\/wp-content\/uploads\/2021\/08\/RW22-am-Wind.jpg 350w, https:\/\/classic-yachten.de\/wp-content\/uploads\/2021\/08\/RW22-am-Wind-233x300.jpg 233w, https:\/\/classic-yachten.de\/wp-content\/uploads\/2021\/08\/RW22-am-Wind-47x60.jpg 47w\" sizes=\"auto, (max-width: 350px) 100vw, 350px\" \/><\/figure>\n\n\n\n<p>Die RW 22 ist \u00fcber Wasser ein Oldtimer und unter Wasser eine moderne Konstruktion. Das Ergebnis: Ein Schiff mit Charakter, das gut aussieht und vortrefflich segelt.<\/p>\n<\/div>\n\n\n\n<div class=\"wp-block-column is-vertically-aligned-top is-layout-flow wp-block-column-is-layout-flow\">\n<figure class=\"wp-block-image size-full\"><img loading=\"lazy\" decoding=\"async\" width=\"350\" height=\"450\" src=\"https:\/\/classic-yachten.de\/wp-content\/uploads\/2021\/08\/RW22-Ansicht-von-Steuerbord.jpg\" alt=\"RW 22 auf dem Trockenen\" class=\"wp-image-378\" srcset=\"https:\/\/classic-yachten.de\/wp-content\/uploads\/2021\/08\/RW22-Ansicht-von-Steuerbord.jpg 350w, https:\/\/classic-yachten.de\/wp-content\/uploads\/2021\/08\/RW22-Ansicht-von-Steuerbord-233x300.jpg 233w, https:\/\/classic-yachten.de\/wp-content\/uploads\/2021\/08\/RW22-Ansicht-von-Steuerbord-47x60.jpg 47w\" sizes=\"auto, (max-width: 350px) 100vw, 350px\" \/><\/figure>\n\n\n\n<p>Auf dem Trockenen werden die stimmigen Proportionen der RW22 gut deutlich.<\/p>\n<\/div>\n<\/div>\n\n\n\n<figure class=\"wp-block-image size-full is-resized\"><img loading=\"lazy\" decoding=\"async\" src=\"https:\/\/classic-yachten.de\/wp-content\/uploads\/2021\/08\/RW22-Segeln.jpg\" alt=\"\" class=\"wp-image-376\" width=\"409\" height=\"292\" srcset=\"https:\/\/classic-yachten.de\/wp-content\/uploads\/2021\/08\/RW22-Segeln.jpg 350w, https:\/\/classic-yachten.de\/wp-content\/uploads\/2021\/08\/RW22-Segeln-300x214.jpg 300w, https:\/\/classic-yachten.de\/wp-content\/uploads\/2021\/08\/RW22-Segeln-84x60.jpg 84w\" sizes=\"auto, (max-width: 409px) 100vw, 409px\" \/><figcaption>Trotz aller Sportlichkeit ist sie durch \u00fcbersichtliche und einfache Bedienung f\u00fcr jeden Segler \u2013 auch jugendliche Einsteiger \u2013 problemlos und sicher zu handhaben. Der extrem hohe Ballastkiel garantiert Kentersicherheit.<\/figcaption><\/figure>\n\n\n\n<hr class=\"wp-block-separator\"\/>\n\n\n\n<p>Die klassische Linie und das Holzdeck geben der RW 22 unverkennbar den Charakter der bew\u00e4hrten traditionellen Kieljollen. Das sportliche 7\/8-Rigg und der qualitativ hochwertig gefertigte GFK-Rumpf machen sie dabei zu einem schnellen, modernen und pflegeleichten Boot.<\/p>\n","protected":false},"excerpt":{"rendered":"<p>Technische Daten der RW22: L\u00e4nge \u00fcber allesBreite \u00fcber allesTiefgang StandardL\u00e4nge in der KWLLeergewicht ca.HolzriggGro\u00dfsegelFock (Genua 1) 6,55 m1,53 m0,80 m4,30 m425 kg7 \/ 8 Takelung11,56 m\u00b27,40 m\u00b2 Beschreibung: \u201eOffener Charakter\u201c\u2026 \u2026schrieb die \u201eYacht\u201c und auch: \u201edie RW22 ist \u00fcber Wasser ein Oldtimer und unter Wasser eine moderne Konstruktion. Das Ergebnis: Ein Schiff mit Charakter, das &hellip; <\/p>\n","protected":false},"author":1,"featured_media":275,"parent":26,"menu_order":32,"comment_status":"closed","ping_status":"closed","template":"","meta":{"footnotes":""},"class_list":["post-166","page","type-page","status-publish","has-post-thumbnail","hentry"],"_links":{"self":[{"href":"https:\/\/classic-yachten.de\/index.php\/wp-json\/wp\/v2\/pages\/166","targetHints":{"allow":["GET"]}}],"collection":[{"href":"https:\/\/classic-yachten.de\/index.php\/wp-json\/wp\/v2\/pages"}],"about":[{"href":"https:\/\/classic-yachten.de\/index.php\/wp-json\/wp\/v2\/types\/page"}],"author":[{"embeddable":true,"href":"https:\/\/classic-yachten.de\/index.php\/wp-json\/wp\/v2\/users\/1"}],"replies":[{"embeddable":true,"href":"https:\/\/classic-yachten.de\/index.php\/wp-json\/wp\/v2\/comments?post=166"}],"version-history":[{"count":9,"href":"https:\/\/classic-yachten.de\/index.php\/wp-json\/wp\/v2\/pages\/166\/revisions"}],"predecessor-version":[{"id":383,"href":"https:\/\/classic-yachten.de\/index.php\/wp-json\/wp\/v2\/pages\/166\/revisions\/383"}],"up":[{"embeddable":true,"href":"https:\/\/classic-yachten.de\/index.php\/wp-json\/wp\/v2\/pages\/26"}],"wp:featuredmedia":[{"embeddable":true,"href":"https:\/\/classic-yachten.de\/index.php\/wp-json\/wp\/v2\/media\/275"}],"wp:attachment":[{"href":"https:\/\/classic-yachten.de\/index.php\/wp-json\/wp\/v2\/media?parent=166"}],"curies":[{"name":"wp","href":"https:\/\/api.w.org\/{rel}","templated":true}]}}